{"id":57408,"date":"2025-02-17T11:24:55","date_gmt":"2025-02-17T10:24:55","guid":{"rendered":"http:\/\/revo360.com\/contactanos\/"},"modified":"2025-11-05T16:59:53","modified_gmt":"2025-11-05T15:59:53","slug":"contactanos","status":"publish","type":"page","link":"https:\/\/revo360.com\/mx\/contactanos\/","title":{"rendered":"Cont\u00e1ctanos"},"content":{"rendered":"\t\t<div data-elementor-type=\"wp-page\" data-elementor-id=\"57408\" class=\"elementor elementor-57408 elementor-57366\" data-elementor-post-type=\"page\">\n\t\t\t\t<div class=\"elementor-element elementor-element-4e6954c7 e-flex e-con-boxed e-con e-parent\" data-id=\"4e6954c7\" data-element_type=\"container\" data-e-type=\"container\">\n\t\t\t\t\t<div class=\"e-con-inner\">\n\t\t<div class=\"elementor-element elementor-element-346690c3 e-con-full e-flex e-con e-child\" data-id=\"346690c3\" data-element_type=\"container\" data-e-type=\"container\">\n\t\t\t\t<div class=\"elementor-element elementor-element-540001ec elementor-widget elementor-widget-heading\" data-id=\"540001ec\" data-element_type=\"widget\" data-e-type=\"widget\" data-widget_type=\"heading.default\">\n\t\t\t\t<div class=\"elementor-widget-container\">\n\t\t\t\t\t<h2 class=\"elementor-heading-title elementor-size-default\">Obt\u00e9n la informaci\u00f3n que est\u00e1s buscando<\/h2>\t\t\t\t<\/div>\n\t\t\t\t<\/div>\n\t\t\t\t<div class=\"elementor-element elementor-element-577ff336 elementor-widget elementor-widget-text-editor\" data-id=\"577ff336\" data-element_type=\"widget\" data-e-type=\"widget\" data-widget_type=\"text-editor.default\">\n\t\t\t\t<div class=\"elementor-widget-container\">\n\t\t\t\t\t\t\t\t\t<p><span lang=\"ES-419\" xml:lang=\"ES-419\" data-contrast=\"none\">Estamos aqu\u00ed para ayudar a productores, generadores, entidades gubernamentales y no gubernamentales en cada paso hacia un manejo responsable de sus residuos el\u00e9ctricos y electr\u00f3nicos y el fomento de una econom\u00eda m\u00e1s circular.<\/span><\/p>\t\t\t\t\t\t\t\t<\/div>\n\t\t\t\t<\/div>\n\t\t\t\t<\/div>\n\t\t<div class=\"elementor-element elementor-element-47e22cd5 e-con-full e-flex e-con e-child\" data-id=\"47e22cd5\" data-element_type=\"container\" data-e-type=\"container\">\n\t\t\t\t<div class=\"elementor-element elementor-element-53969e07 elementor-view-default elementor-widget elementor-widget-icon\" data-id=\"53969e07\" data-element_type=\"widget\" data-e-type=\"widget\" data-widget_type=\"icon.default\">\n\t\t\t\t<div class=\"elementor-widget-container\">\n\t\t\t\t\t\t\t<div class=\"elementor-icon-wrapper\">\n\t\t\t<div class=\"elementor-icon\">\n\t\t\t<i aria-hidden=\"true\" class=\"fathin fathin-arrow-left\"><\/i>\t\t\t<\/div>\n\t\t<\/div>\n\t\t\t\t\t\t<\/div>\n\t\t\t\t<\/div>\n\t\t\t\t<\/div>\n\t\t\t\t\t<\/div>\n\t\t\t\t<\/div>\n\t\t\t\t<section class=\"elementor-section elementor-top-section elementor-element elementor-element-4430d6b elementor-section-boxed elementor-section-height-default elementor-section-height-default\" data-id=\"4430d6b\" data-element_type=\"section\" data-e-type=\"section\" data-settings=\"{&quot;background_background&quot;:&quot;classic&quot;}\">\n\t\t\t\t\t\t\t<div class=\"elementor-background-overlay\"><\/div>\n\t\t\t\t\t\t\t<div class=\"elementor-container elementor-column-gap-no\">\n\t\t\t\t\t<div class=\"elementor-column elementor-col-100 elementor-top-column elementor-element elementor-element-578fd99f\" data-id=\"578fd99f\" data-element_type=\"column\" data-e-type=\"column\">\n\t\t\t<div class=\"elementor-widget-wrap elementor-element-populated\">\n\t\t\t\t\t\t<div class=\"elementor-element elementor-element-3e0e55 elementor-widget elementor-widget-heading\" data-id=\"3e0e55\" data-element_type=\"widget\" data-e-type=\"widget\" data-widget_type=\"heading.default\">\n\t\t\t\t<div class=\"elementor-widget-container\">\n\t\t\t\t\t<h2 class=\"elementor-heading-title elementor-size-default\">Cont\u00e1ctanos<\/h2>\t\t\t\t<\/div>\n\t\t\t\t<\/div>\n\t\t\t\t<div class=\"elementor-element elementor-element-2713b10 fluent-form-widget-step-header-yes fluent-form-widget-step-progressbar-yes fluentform-widget-submit-button-custom elementor-widget elementor-widget-fluent-form-widget\" data-id=\"2713b10\" data-element_type=\"widget\" data-e-type=\"widget\" data-widget_type=\"fluent-form-widget.default\">\n\t\t\t\t<div class=\"elementor-widget-container\">\n\t\t\t\t\t\n            <div class=\"fluentform-widget-wrapper fluentform-widget-align-default\">\n\n            \n            <div class=\"fluentform ff-default fluentform_wrapper_44 ffs_default_wrap\"><form data-form_id=\"44\" id=\"fluentform_44\" class=\"frm-fluent-form fluent_form_44 ff-el-form-top ff_form_instance_44_1 ff-form-loading ffs_default\" data-form_instance=\"ff_form_instance_44_1\" method=\"POST\"><fieldset style=\"border: none!important;margin: 0!important;padding: 0!important;background-color: transparent!important;box-shadow: none!important;outline: none!important; min-inline-size: 100%;\">\n                    <legend class=\"ff_screen_reader_title\" style=\"display: block; margin: 0!important;padding: 0!important;height: 0!important;text-indent: -999999px;width: 0!important;overflow:hidden;\">MX | Contact Form (#44)<\/legend>        <div style=\"display: none!important; position: absolute!important; transform: translateX(1000%)!important;\" class=\"ff-el-group ff-hpsf-container\">\n            <div class=\"ff-el-input--label asterisk-right\">\n                <label for=\"ff_44_item_sf\" aria-label=\"Newsletter\">\n                    Newsletter                <\/label>\n            <\/div>\n            <div class=\"ff-el-input--content\">\n                <input type=\"text\" name=\"item_44__fluent_sf\" class=\"ff-el-form-control\" id=\"ff_44_item_sf\">\n            <\/div>\n        <\/div>\n        <input type=\"hidden\" name=\"__fluent_form_embded_post_id\" value=\"57408\"><input type=\"hidden\" id=\"_fluentform_44_fluentformnonce\" name=\"_fluentform_44_fluentformnonce\" value=\"0d1d567277\"><input type=\"hidden\" name=\"_wp_http_referer\" value=\"\/mx\/wp-json\/wp\/v2\/pages\/57408\"><div data-type=\"name-element\" data-name=\"names\" class=\" ff-field_container ff-name-field-wrapper\"><div class=\"ff-t-container\"><div class=\"ff-t-cell \"><div class=\"ff-el-group  ff-el-form-top\"><div class=\"ff-el-input--content\"><input type=\"text\" name=\"names[first_name]\" id=\"ff_44_names_first_name_\" class=\"ff-el-form-control\" placeholder=\"Nombre *\" aria-invalid=\"false\" aria-required=\"true\"><\/div><\/div><\/div><div class=\"ff-t-cell \"><div class=\"ff-el-group  ff-el-form-top\"><div class=\"ff-el-input--content\"><input type=\"text\" name=\"names[last_name]\" id=\"ff_44_names_last_name_\" class=\"ff-el-form-control\" placeholder=\"Apellido *\" aria-invalid=\"false\" aria-required=\"true\"><\/div><\/div><\/div><\/div><\/div><div data-name=\"ff_cn_id_1\" class=\"ff-t-container ff-column-container ff_columns_total_2 \"><div class=\"ff-t-cell ff-t-column-1\" style=\"flex-basis: 50%;\"><div class=\"ff-el-group\"><div class=\"ff-el-input--content\"><input type=\"email\" name=\"email_1\" id=\"ff_44_email_1\" class=\"ff-el-form-control\" placeholder=\"Correo electr\u00f3nico *\" data-name=\"email_1\" aria-invalid=\"false\" aria-required=\"true\"><\/div><\/div><\/div><div class=\"ff-t-cell ff-t-column-2\" style=\"flex-basis: 50%;\"><div class=\"ff-el-group\"><div class=\"ff-el-input--content\"><input type=\"number\" name=\"numeric-field_1\" id=\"ff_44_numeric-field_1\" class=\"ff-el-form-control\" placeholder=\"Tel\u00e9fono\" data-name=\"numeric-field_1\" inputmode=\"numeric\" step=\"any\" aria-invalid=\"false\" aria-required=\"false\"><\/div><\/div><\/div><\/div><div class=\"ff-el-group\"><div class=\"ff-el-input--content\"><input type=\"text\" name=\"input_text\" class=\"ff-el-form-control\" placeholder=\"Asunto *\" data-name=\"input_text\" id=\"ff_44_input_text\" aria-invalid=\"false\" aria-required=\"true\"><\/div><\/div><div class=\"ff-el-group\"><div class=\"ff-el-input--content\"><textarea aria-required=\"true\" aria-labelledby=\"label_ff_44_description\" name=\"description\" id=\"ff_44_description\" class=\"ff-el-form-control\" placeholder=\"Tu mensaje *\" rows=\"3\" cols=\"2\" data-name=\"description\"><\/textarea><\/div><\/div><div class=\"ff-el-group    ff-el-input--content\"><div class=\"ff-el-form-check ff-el-tc\"><label aria-label=\"Terms and Conditions: Estoy de acuerdo con la pol\u00edtica de privacidad Contains 1 link. Use tab navigation to review.\" class=\"ff-el-form-check-label ff_tc_label\" for=\"terms-n-condition_f1ad90a1e8bff55570b12c9e06d2cb0e\"><span class=\"ff_tc_checkbox\"><input type=\"checkbox\" name=\"terms-n-condition\" class=\"ff-el-form-check-input\" data-name=\"terms-n-condition\" id=\"terms-n-condition_f1ad90a1e8bff55570b12c9e06d2cb0e\" value=\"on\" aria-invalid=\"false\" aria-required=\"true\"><\/span> <div class=\"ff_t_c\"><p>Estoy de acuerdo con la <a href=\"https:\/\/rev-log.com\/privacy-policy\/\">pol\u00edtica de privacidad<\/a><\/p><\/div><\/label><\/div><\/div><div class=\"ff-el-group ff-text-left ff_submit_btn_wrapper\"><button type=\"submit\" class=\"ff-btn ff-btn-submit ff-btn-md ff_btn_style wpf_has_custom_css\" aria-label=\"Enviar\">Enviar<\/button><\/div><\/fieldset><\/form><div id=\"fluentform_44_errors\" class=\"ff-errors-in-stack ff_form_instance_44_1 ff-form-loading_errors ff_form_instance_44_1_errors\"><\/div><\/div>            <script type=\"text\/javascript\">\n                window.fluent_form_ff_form_instance_44_1 = {\"id\":\"44\",\"settings\":{\"layout\":{\"labelPlacement\":\"top\",\"helpMessagePlacement\":\"with_label\",\"errorMessagePlacement\":\"inline\",\"cssClassName\":\"\",\"asteriskPlacement\":\"asterisk-right\"},\"restrictions\":{\"denyEmptySubmission\":{\"enabled\":false}}},\"form_instance\":\"ff_form_instance_44_1\",\"form_id_selector\":\"fluentform_44\",\"rules\":{\"names[first_name]\":{\"required\":{\"value\":true,\"message\":\"This field is required\",\"global_message\":\"This field is required\",\"global\":true}},\"names[middle_name]\":{\"required\":{\"value\":false,\"message\":\"This field is required\",\"global_message\":\"This field is required\",\"global\":true}},\"names[last_name]\":{\"required\":{\"value\":true,\"message\":\"This field is required\",\"global_message\":\"This field is required\",\"global\":true}},\"email_1\":{\"required\":{\"value\":true,\"message\":\"This field is required\",\"global_message\":\"This field is required\",\"global\":true},\"email\":{\"value\":true,\"message\":\"This field must contain a valid email\",\"global_message\":\"This field must contain a valid email\",\"global\":true}},\"numeric-field_1\":{\"required\":{\"value\":false,\"message\":\"This field is required\",\"global_message\":\"This field is required\",\"global\":true},\"numeric\":{\"value\":true,\"message\":\"This field must contain numeric value\",\"global_message\":\"This field must contain numeric value\",\"global\":true},\"min\":{\"value\":\"\",\"message\":\"Validation fails for minimum value\",\"global_message\":\"Validation fails for minimum value\",\"global\":true},\"max\":{\"value\":\"\",\"message\":\"Validation fails for maximum value\",\"global_message\":\"Validation fails for maximum value\",\"global\":true},\"digits\":{\"value\":\"\",\"message\":\"Validation fails for limited digits\",\"global_message\":\"Validation fails for limited digits\",\"global\":true}},\"input_text\":{\"required\":{\"value\":true,\"message\":\"This field is required\",\"global_message\":\"This field is required\",\"global\":true}},\"description\":{\"required\":{\"value\":true,\"message\":\"This field is required\",\"global_message\":\"This field is required\",\"global\":true}},\"terms-n-condition\":{\"required\":{\"value\":true,\"message\":\"This field is required\",\"global_message\":\"This field is required\",\"global\":true}}},\"debounce_time\":300};\n                            <\/script>\n                        <\/div>\n\n            \t\t\t\t<\/div>\n\t\t\t\t<\/div>\n\t\t\t\t\t<\/div>\n\t\t<\/div>\n\t\t\t\t\t<\/div>\n\t\t<\/section>\n\t\t<div class=\"elementor-element elementor-element-a225502 e-flex e-con-boxed e-con e-parent\" data-id=\"a225502\" data-element_type=\"container\" data-e-type=\"container\">\n\t\t\t\t\t<div class=\"e-con-inner\">\n\t\t<div class=\"elementor-element elementor-element-21836da e-con-full e-flex e-con e-child\" data-id=\"21836da\" data-element_type=\"container\" data-e-type=\"container\">\n\t\t\t\t<div class=\"elementor-element elementor-element-b81d287 elementor-widget elementor-widget-heading\" data-id=\"b81d287\" data-element_type=\"widget\" data-e-type=\"widget\" data-widget_type=\"heading.default\">\n\t\t\t\t<div class=\"elementor-widget-container\">\n\t\t\t\t\t<h2 class=\"elementor-heading-title elementor-size-default\">Vis\u00edtanos<\/h2>\t\t\t\t<\/div>\n\t\t\t\t<\/div>\n\t\t\t\t<div class=\"elementor-element elementor-element-cd7e48a elementor-widget elementor-widget-text-editor\" data-id=\"cd7e48a\" data-element_type=\"widget\" data-e-type=\"widget\" data-widget_type=\"text-editor.default\">\n\t\t\t\t<div class=\"elementor-widget-container\">\n\t\t\t\t\t\t\t\t\t<div class=\"elementor-element elementor-element-a70ba0d elementor-widget elementor-widget-text-editor\" data-id=\"a70ba0d\" data-element_type=\"widget\" data-widget_type=\"text-editor.default\"><div class=\"elementor-widget-container\"><p>Tenemos diferentes oficinas alrededor del mundo. Seguramente alguna cerca a ti.<\/p><\/div><\/div>\t\t\t\t\t\t\t\t<\/div>\n\t\t\t\t<\/div>\n\t\t\t\t<div class=\"elementor-element elementor-element-844211e elementors-align-left elementor-grid-1 default default-grid elementor-grid-tablet-2 elementor-grid-mobile-1 content-position-left elementor-widget elementor-widget-nov-icon-box\" data-id=\"844211e\" data-element_type=\"widget\" data-e-type=\"widget\" data-settings=\"{&quot;icon_pos&quot;:&quot;left&quot;,&quot;columns&quot;:&quot;1&quot;,&quot;view&quot;:&quot;default&quot;,&quot;grid_style&quot;:&quot;default-grid&quot;,&quot;title_tag&quot;:&quot;h3&quot;,&quot;link_pos&quot;:&quot;bottom&quot;,&quot;columns_tablet&quot;:&quot;2&quot;,&quot;columns_mobile&quot;:&quot;1&quot;}\" data-widget_type=\"nov-icon-box.default\">\n\t\t\t\t<div class=\"elementor-widget-container\">\n\t\t\t\t\t\n\t\t\t\t<div class=\"content-grid-container elementor-grid content-grid-desktop-1 content-grid-tablet-2 content-grid-mobile-1 content-grid-default desktop-carousel icon-pos-left link-pos-bottom\" data-desktop-column=\"1\" data-tablet-column=\"2\" data-mobile-column=\"1\" data-desktop-slide=\"1\" data-tablet-slide=\"1\" data-mobile-slide=\"1\" data-loop=\"false\" data-autoplay=\"false\" data-autoplay-duration=\"10000000\">\n\t\t\n\t\t\n\t\t\t\t\n\t\t\t\t\t\t\t\t<div class=\"content-grid-wrap has-icon  nodesc\">\n\t\t\t\t\t\t\t\t\t<div class=\"content-grid-wrap-inner\">\n\t\t\t\t\t\t\t\t\t\t\t\t\t<div class=\"content-grid-icon\">\n\t\t\t\t\t\t\t\t<div class=\"content-grid-icon-inner\">\n\t\t\t\t\t\t\t\t\t<i aria-hidden=\"true\" class=\"fathin fathin-phone-flip\"><\/i>\t\t\t\t\t\t\t\t<\/div>\n\t\t\t\t\t\t\t\t\t\t\t\t\t\t\t<\/div>\n\t\t\t\t\t\t\n\t\t\t\t\t\t<div class=\"content-grid-inner\">\n\t\t\t\t\t\t\t<div class=\"content-grid-inner-wrap\">\n\t\t\t\t\t\t\t\t<div class=\"content-grid-text\">\n\t\t\t\t\t\t\t\t\t\t\t\t\t\t\t\t\t\t\t\t\t\t\t\t\t\t\t<div class=\"content-grid-title\">\n\t\t\t\t\t\t\t\t\t\t\t\t\t\t\t\t\t\t\t\t<h3 class=\"title\">\n\t\t\t\t\t\t\t\t\t\t\t\t\t\t\t\t\t\t\t\t\t\tLl\u00e1manos\t\t\t\t\t\t\t\t\t\t<\/h3>\n\t\t\t\t\t\t\t\t\t<\/div>\n\t\t\t\t\t\t\t\t\t\t\t\t\t\t\t\t\t\t\t\t\t\t\t\t\t\t\t\t\t\t\t\t\t\t\t\t\t\t\t\t\t\t\t\t\t<\/div>\n\t\t\t\t\t\t\t\t\t\t\t\t\t\t\t\t\t\t\t\t\t\t\t\t<div class=\"content-grid-link\">\n\t\t\t\t\t\t\t\t\t\t\t\t\t\t\t\t\t\t<a class=\"learn-more-btn text-border-btn btn-icon-after\" href=\"https:\/\/wa.me\/525541705576\">\n\t\t\t\t\t\t\t\t\t\t\t\t\t\t\t\t\t\t\t\t\t\t\t\t\t\t\t\t\t\t\t\t\t\t<span> \n\t\t\t\t\t\t\t\t\t\t\t\t\t+52 (55) 4170 5576\t\t\t\t\t\t\t\t\t\t\t\t<\/span>\n\t\t\t\t\t\t\t\t\t\t\t\t\t\t\t\t\t\t\t\t\t<\/a>\n\t\t\t\t\t\t\t\t\t\t\t\t\t\t\t\t\t<\/div>\n\t\t\t\t\t\t\t\t\t\t\t\t\t\t\t\t\t\t\t\t\t\t\t<\/div>\n\t\t\t\t\t\t<\/div> \n\t\t\t\t\t<\/div>\n\t\t\t\t\t\t\t\t\t\t\t\t\t<\/div>\n\t\t\t\t\t\t\t\t\t\t<\/div>\n\t\t\t\t\t\t\t\t<\/div>\n\t\t\t\t<\/div>\n\t\t\t\t<\/div>\n\t\t<div class=\"elementor-element elementor-element-634d7ef e-con-full e-flex e-con e-child\" data-id=\"634d7ef\" data-element_type=\"container\" data-e-type=\"container\">\n\t\t\t\t<div class=\"elementor-element elementor-element-913a316 elementor-widget elementor-widget-google_maps\" data-id=\"913a316\" data-element_type=\"widget\" data-e-type=\"widget\" data-widget_type=\"google_maps.default\">\n\t\t\t\t<div class=\"elementor-widget-container\">\n\t\t\t\t\t\t\t<div class=\"elementor-custom-embed\">\n\t\t\t<iframe loading=\"lazy\" src=\"https:\/\/maps.google.com\/maps?q=La%20Coru%C3%B1a%20121%2C%20%C3%81lamos%2C%20Benito%20Ju%C3%A1rez%2C%2003400%20Ciudad%20de%20M%C3%A9xico%2C%20CDMX%2C%20Mexico&amp;t=m&amp;z=10&amp;output=embed&amp;iwloc=near\" title=\"La Coru\u00f1a 121, \u00c1lamos, Benito Ju\u00e1rez, 03400 Ciudad de M\u00e9xico, CDMX, Mexico\" aria-label=\"La Coru\u00f1a 121, \u00c1lamos, Benito Ju\u00e1rez, 03400 Ciudad de M\u00e9xico, CDMX, Mexico\"><\/iframe>\n\t\t<\/div>\n\t\t\t\t\t\t<\/div>\n\t\t\t\t<\/div>\n\t\t\t\t<\/div>\n\t\t\t\t\t<\/div>\n\t\t\t\t<\/div>\n\t\t\t\t<\/div>\n\t\t","protected":false},"excerpt":{"rendered":"<p>Obt\u00e9n la informaci\u00f3n que est\u00e1s buscando Estamos aqu\u00ed para ayudar a productores, generadores, entidades gubernamentales y no gubernamentales en cada paso hacia un manejo responsable de sus residuos el\u00e9ctricos y electr\u00f3nicos y el fomento de una econom\u00eda m\u00e1s circular. Cont\u00e1ctanos MX | Contact Form (#44) Subscribe Estoy de acuerdo con\u2026<\/p>\n","protected":false},"author":15,"featured_media":0,"parent":0,"menu_order":0,"comment_status":"closed","ping_status":"closed","template":"","meta":{"_acf_changed":false,"wp_typography_post_enhancements_disabled":false,"footnotes":""},"class_list":["post-57408","page","type-page","status-publish","hentry"],"acf":[],"yoast_head":"<!-- This site is optimized with the Yoast SEO plugin v27.4 - https:\/\/yoast.com\/product\/yoast-seo-wordpress\/ -->\n<title>Cont\u00e1ctanos - Revo360<\/title>\n<meta name=\"robots\" content=\"index, follow, max-snippet:-1, max-image-preview:large, max-video-preview:-1\" \/>\n<link rel=\"canonical\" href=\"https:\/\/revo360.com\/mx\/contactanos\/\" \/>\n<meta property=\"og:locale\" content=\"es_MX\" \/>\n<meta property=\"og:type\" content=\"article\" \/>\n<meta property=\"og:title\" content=\"Cont\u00e1ctanos - Revo360\" \/>\n<meta property=\"og:description\" content=\"Obt\u00e9n la informaci\u00f3n que est\u00e1s buscando Estamos aqu\u00ed para ayudar a productores, generadores, entidades gubernamentales y no gubernamentales en cada paso hacia un manejo responsable de sus residuos el\u00e9ctricos y electr\u00f3nicos y el fomento de una econom\u00eda m\u00e1s circular. Cont\u00e1ctanos MX | Contact Form (#44) Subscribe Estoy de acuerdo con...\" \/>\n<meta property=\"og:url\" content=\"https:\/\/revo360.com\/mx\/contactanos\/\" \/>\n<meta property=\"og:site_name\" content=\"Revo360\" \/>\n<meta property=\"article:modified_time\" content=\"2025-11-05T15:59:53+00:00\" \/>\n<meta name=\"twitter:card\" content=\"summary_large_image\" \/>\n<meta name=\"twitter:label1\" content=\"Tiempo de lectura\" \/>\n\t<meta name=\"twitter:data1\" content=\"1 minuto\" \/>\n<script type=\"application\/ld+json\" class=\"yoast-schema-graph\">{\"@context\":\"https:\\\/\\\/schema.org\",\"@graph\":[{\"@type\":\"WebPage\",\"@id\":\"https:\\\/\\\/revo360.com\\\/mx\\\/contactanos\\\/\",\"url\":\"https:\\\/\\\/revo360.com\\\/mx\\\/contactanos\\\/\",\"name\":\"Cont\u00e1ctanos - Revo360\",\"isPartOf\":{\"@id\":\"https:\\\/\\\/revo360.com\\\/mx\\\/#website\"},\"datePublished\":\"2025-02-17T10:24:55+00:00\",\"dateModified\":\"2025-11-05T15:59:53+00:00\",\"breadcrumb\":{\"@id\":\"https:\\\/\\\/revo360.com\\\/mx\\\/contactanos\\\/#breadcrumb\"},\"inLanguage\":\"es\",\"potentialAction\":[{\"@type\":\"ReadAction\",\"target\":[\"https:\\\/\\\/revo360.com\\\/mx\\\/contactanos\\\/\"]}]},{\"@type\":\"BreadcrumbList\",\"@id\":\"https:\\\/\\\/revo360.com\\\/mx\\\/contactanos\\\/#breadcrumb\",\"itemListElement\":[{\"@type\":\"ListItem\",\"position\":1,\"name\":\"Home\",\"item\":\"https:\\\/\\\/revo360.com\\\/mx\\\/\"},{\"@type\":\"ListItem\",\"position\":2,\"name\":\"Cont\u00e1ctanos\"}]},{\"@type\":\"WebSite\",\"@id\":\"https:\\\/\\\/revo360.com\\\/mx\\\/#website\",\"url\":\"https:\\\/\\\/revo360.com\\\/mx\\\/\",\"name\":\"Reverse Logistics Group\",\"description\":\"\",\"publisher\":{\"@id\":\"https:\\\/\\\/revo360.com\\\/mx\\\/#organization\"},\"potentialAction\":[{\"@type\":\"SearchAction\",\"target\":{\"@type\":\"EntryPoint\",\"urlTemplate\":\"https:\\\/\\\/revo360.com\\\/mx\\\/?s={search_term_string}\"},\"query-input\":{\"@type\":\"PropertyValueSpecification\",\"valueRequired\":true,\"valueName\":\"search_term_string\"}}],\"inLanguage\":\"es\"},{\"@type\":\"Organization\",\"@id\":\"https:\\\/\\\/revo360.com\\\/mx\\\/#organization\",\"name\":\"Reverse Logistics Group\",\"url\":\"https:\\\/\\\/revo360.com\\\/mx\\\/\",\"logo\":{\"@type\":\"ImageObject\",\"inLanguage\":\"es\",\"@id\":\"https:\\\/\\\/revo360.com\\\/mx\\\/#\\\/schema\\\/logo\\\/image\\\/\",\"url\":\"https:\\\/\\\/revo360.com\\\/wp-content\\\/uploads\\\/ReVo_Logo_RGB.png\",\"contentUrl\":\"https:\\\/\\\/revo360.com\\\/wp-content\\\/uploads\\\/ReVo_Logo_RGB.png\",\"width\":1920,\"height\":768,\"caption\":\"Reverse Logistics Group\"},\"image\":{\"@id\":\"https:\\\/\\\/revo360.com\\\/mx\\\/#\\\/schema\\\/logo\\\/image\\\/\"}}]}<\/script>\n<!-- \/ Yoast SEO plugin. -->","yoast_head_json":{"title":"Cont\u00e1ctanos - Revo360","robots":{"index":"index","follow":"follow","max-snippet":"max-snippet:-1","max-image-preview":"max-image-preview:large","max-video-preview":"max-video-preview:-1"},"canonical":"https:\/\/revo360.com\/mx\/contactanos\/","og_locale":"es_MX","og_type":"article","og_title":"Cont\u00e1ctanos - Revo360","og_description":"Obt\u00e9n la informaci\u00f3n que est\u00e1s buscando Estamos aqu\u00ed para ayudar a productores, generadores, entidades gubernamentales y no gubernamentales en cada paso hacia un manejo responsable de sus residuos el\u00e9ctricos y electr\u00f3nicos y el fomento de una econom\u00eda m\u00e1s circular. Cont\u00e1ctanos MX | Contact Form (#44) Subscribe Estoy de acuerdo con...","og_url":"https:\/\/revo360.com\/mx\/contactanos\/","og_site_name":"Revo360","article_modified_time":"2025-11-05T15:59:53+00:00","twitter_card":"summary_large_image","twitter_misc":{"Tiempo de lectura":"1 minuto"},"schema":{"@context":"https:\/\/schema.org","@graph":[{"@type":"WebPage","@id":"https:\/\/revo360.com\/mx\/contactanos\/","url":"https:\/\/revo360.com\/mx\/contactanos\/","name":"Cont\u00e1ctanos - Revo360","isPartOf":{"@id":"https:\/\/revo360.com\/mx\/#website"},"datePublished":"2025-02-17T10:24:55+00:00","dateModified":"2025-11-05T15:59:53+00:00","breadcrumb":{"@id":"https:\/\/revo360.com\/mx\/contactanos\/#breadcrumb"},"inLanguage":"es","potentialAction":[{"@type":"ReadAction","target":["https:\/\/revo360.com\/mx\/contactanos\/"]}]},{"@type":"BreadcrumbList","@id":"https:\/\/revo360.com\/mx\/contactanos\/#breadcrumb","itemListElement":[{"@type":"ListItem","position":1,"name":"Home","item":"https:\/\/revo360.com\/mx\/"},{"@type":"ListItem","position":2,"name":"Cont\u00e1ctanos"}]},{"@type":"WebSite","@id":"https:\/\/revo360.com\/mx\/#website","url":"https:\/\/revo360.com\/mx\/","name":"Reverse Logistics Group","description":"","publisher":{"@id":"https:\/\/revo360.com\/mx\/#organization"},"potentialAction":[{"@type":"SearchAction","target":{"@type":"EntryPoint","urlTemplate":"https:\/\/revo360.com\/mx\/?s={search_term_string}"},"query-input":{"@type":"PropertyValueSpecification","valueRequired":true,"valueName":"search_term_string"}}],"inLanguage":"es"},{"@type":"Organization","@id":"https:\/\/revo360.com\/mx\/#organization","name":"Reverse Logistics Group","url":"https:\/\/revo360.com\/mx\/","logo":{"@type":"ImageObject","inLanguage":"es","@id":"https:\/\/revo360.com\/mx\/#\/schema\/logo\/image\/","url":"https:\/\/revo360.com\/wp-content\/uploads\/ReVo_Logo_RGB.png","contentUrl":"https:\/\/revo360.com\/wp-content\/uploads\/ReVo_Logo_RGB.png","width":1920,"height":768,"caption":"Reverse Logistics Group"},"image":{"@id":"https:\/\/revo360.com\/mx\/#\/schema\/logo\/image\/"}}]}},"_links":{"self":[{"href":"https:\/\/revo360.com\/mx\/wp-json\/wp\/v2\/pages\/57408","targetHints":{"allow":["GET"]}}],"collection":[{"href":"https:\/\/revo360.com\/mx\/wp-json\/wp\/v2\/pages"}],"about":[{"href":"https:\/\/revo360.com\/mx\/wp-json\/wp\/v2\/types\/page"}],"author":[{"embeddable":true,"href":"https:\/\/revo360.com\/mx\/wp-json\/wp\/v2\/users\/15"}],"replies":[{"embeddable":true,"href":"https:\/\/revo360.com\/mx\/wp-json\/wp\/v2\/comments?post=57408"}],"version-history":[{"count":17,"href":"https:\/\/revo360.com\/mx\/wp-json\/wp\/v2\/pages\/57408\/revisions"}],"predecessor-version":[{"id":61531,"href":"https:\/\/revo360.com\/mx\/wp-json\/wp\/v2\/pages\/57408\/revisions\/61531"}],"wp:attachment":[{"href":"https:\/\/revo360.com\/mx\/wp-json\/wp\/v2\/media?parent=57408"}],"curies":[{"name":"wp","href":"https:\/\/api.w.org\/{rel}","templated":true}]}}