{"id":60061,"date":"2025-10-08T18:03:08","date_gmt":"2025-10-08T16:03:08","guid":{"rendered":"http:\/\/revo360.com\/aviso-legal\/"},"modified":"2025-11-12T13:36:00","modified_gmt":"2025-11-12T12:36:00","slug":"aviso-legal","status":"publish","type":"page","link":"https:\/\/revo360.com\/co\/aviso-legal\/","title":{"rendered":"Aviso Legal"},"content":{"rendered":"\t\t<div data-elementor-type=\"wp-page\" data-elementor-id=\"60061\" class=\"elementor elementor-60061 elementor-60043\" data-elementor-post-type=\"page\">\n\t\t\t\t\t\t<section class=\"elementor-section elementor-top-section elementor-element elementor-element-584ae304 elementor-section-boxed elementor-section-height-default elementor-section-height-default\" data-id=\"584ae304\" data-element_type=\"section\" data-e-type=\"section\">\n\t\t\t\t\t\t<div class=\"elementor-container elementor-column-gap-default\">\n\t\t\t\t\t<div class=\"elementor-column elementor-col-66 elementor-top-column elementor-element elementor-element-4b2c7a66\" data-id=\"4b2c7a66\" data-element_type=\"column\" data-e-type=\"column\">\n\t\t\t<div class=\"elementor-widget-wrap elementor-element-populated\">\n\t\t\t\t\t\t<div class=\"elementor-element elementor-element-737672d4 elementor-widget elementor-widget-text-editor\" data-id=\"737672d4\" data-element_type=\"widget\" data-e-type=\"widget\" data-widget_type=\"text-editor.default\">\n\t\t\t\t<div class=\"elementor-widget-container\">\n\t\t\t\t\t\t\t\t\t<h3 data-start=\"242\" data-end=\"295\"><strong data-start=\"246\" data-end=\"293\">Informaci\u00f3n de acuerdo con la secci\u00f3n 5 TMG<\/strong><\/h3><h3><strong style=\"color: #3c3c3c; font-size: 18px;\" data-start=\"296\" data-end=\"356\">Revo360 \u2013 Reverse Logistics Group RLG, parte de Reconomy<\/strong><\/h3><p data-start=\"394\" data-end=\"491\"><strong data-start=\"394\" data-end=\"434\">Reverse Logistics Group Colombia SAS<\/strong><br data-start=\"434\" data-end=\"437\">Calle 7D # 43A-99, Oficina 1301<br data-start=\"468\" data-end=\"471\">Medell\u00edn, Colombia<\/p><p data-start=\"493\" data-end=\"577\"><strong data-start=\"493\" data-end=\"532\">Reverse Logistics Group Peru S.A.C.<\/strong><br data-start=\"532\" data-end=\"535\">Av. San Luis 2572, San Borja, Lima, Per\u00fa<\/p><p data-start=\"579\" data-end=\"722\"><strong data-start=\"579\" data-end=\"623\">Returns Management Group Mexico S. de RL<\/strong><br data-start=\"623\" data-end=\"626\">La Coru\u00f1a 121 B<br data-start=\"641\" data-end=\"644\">Colonia \u00c1lamos, Alcald\u00eda Benito Ju\u00e1rez<br data-start=\"682\" data-end=\"685\">C.P. 03400 Ciudad de M\u00e9xico, M\u00e9xico<\/p>\t\t\t\t\t\t\t\t<\/div>\n\t\t\t\t<\/div>\n\t\t\t\t\t<\/div>\n\t\t<\/div>\n\t\t\t\t<div class=\"elementor-column elementor-col-33 elementor-top-column elementor-element elementor-element-44e670f3\" data-id=\"44e670f3\" data-element_type=\"column\" data-e-type=\"column\">\n\t\t\t<div class=\"elementor-widget-wrap elementor-element-populated\">\n\t\t\t\t\t\t<div class=\"elementor-element elementor-element-665a4c56 elementor-widget elementor-widget-text-editor\" data-id=\"665a4c56\" data-element_type=\"widget\" data-e-type=\"widget\" data-widget_type=\"text-editor.default\">\n\t\t\t\t<div class=\"elementor-widget-container\">\n\t\t\t\t\t\t\t\t\t<p data-start=\"724\" data-end=\"853\"><strong data-start=\"724\" data-end=\"737\">Contacto:<\/strong><br data-start=\"737\" data-end=\"740\">Tel\u00e9fono: +57 (Colombia), +51 (Per\u00fa), +52 (M\u00e9xico) <em data-start=\"791\" data-end=\"808\">(seg\u00fan oficina)<\/em><br data-start=\"808\" data-end=\"811\">Correo electr\u00f3nico: <strong data-start=\"831\" data-end=\"851\"><a rel=\"noopener\" data-start=\"833\" data-end=\"849\">info@revo360.com<\/a><\/strong><\/p><p data-start=\"855\" data-end=\"958\"><strong data-start=\"855\" data-end=\"880\">Representaci\u00f3n legal:<\/strong><\/p><h3><span style=\"color: #3c3c3c; font-size: 18px; font-weight: 400;\">Gerente General o Director Ejecutivo de la oficina local correspondiente.<\/span><\/h3><h3><span style=\"color: #3c3c3c; font-size: 18px; font-weight: 400;\"><br><\/span><span style=\"color: #3c3c3c; font-size: 18px; font-weight: 400;\">RLG: Patrick Wiedemann.<\/span><\/h3><p><strong>Reverse Logistics GmbH<\/strong><br>Karl-Hammerschmidt-Str. 36<br>85609 Dornach, Deutschland<\/p><p><strong>Register entry:<\/strong><br>HRB M\u00fcnchen 165 390<\/p>\t\t\t\t\t\t\t\t<\/div>\n\t\t\t\t<\/div>\n\t\t\t\t\t<\/div>\n\t\t<\/div>\n\t\t\t\t\t<\/div>\n\t\t<\/section>\n\t\t\t\t<section class=\"elementor-section elementor-top-section elementor-element elementor-element-738b386d elementor-section-boxed elementor-section-height-default elementor-section-height-default\" data-id=\"738b386d\" data-element_type=\"section\" data-e-type=\"section\">\n\t\t\t\t\t\t<div class=\"elementor-container elementor-column-gap-default\">\n\t\t\t\t\t<div class=\"elementor-column elementor-col-100 elementor-top-column elementor-element elementor-element-2c523b5f\" data-id=\"2c523b5f\" data-element_type=\"column\" data-e-type=\"column\">\n\t\t\t<div class=\"elementor-widget-wrap elementor-element-populated\">\n\t\t\t\t\t\t<div class=\"elementor-element elementor-element-6b8e7789 elementor-widget elementor-widget-text-editor\" data-id=\"6b8e7789\" data-element_type=\"widget\" data-e-type=\"widget\" data-widget_type=\"text-editor.default\">\n\t\t\t\t<div class=\"elementor-widget-container\">\n\t\t\t\t\t\t\t\t\t<h3 data-start=\"965\" data-end=\"1002\"><strong data-start=\"969\" data-end=\"1000\">Descargo de responsabilidad<\/strong><\/h3><p data-start=\"1004\" data-end=\"1161\">El contenido de nuestras p\u00e1ginas ha sido creado con gran cuidado. Sin embargo, no podemos garantizar que el contenido sea correcto, completo o actualizado.<\/p><p data-start=\"1163\" data-end=\"1755\">Como proveedor de servicios, somos responsables de nuestro propio contenido en estas p\u00e1ginas de acuerdo con la legislaci\u00f3n aplicable. No estamos obligados a supervisar la informaci\u00f3n transmitida o almacenada de terceros ni a investigar circunstancias que indiquen actividad ilegal. Sin embargo, las obligaciones de eliminar o bloquear el uso de informaci\u00f3n seg\u00fan la ley general no se ven afectadas. La responsabilidad solo se aplica desde el momento en que tenemos conocimiento de una violaci\u00f3n legal concreta. Si detectamos cualquier violaci\u00f3n, eliminaremos inmediatamente dicho contenido.<\/p><p data-start=\"1757\" data-end=\"2203\"><strong data-start=\"1757\" data-end=\"1787\">Enlaces a sitios externos:<\/strong><br data-start=\"1787\" data-end=\"1790\">Nuestro sitio contiene enlaces a sitios web de terceros sobre los que no tenemos control. Por lo tanto, no asumimos ninguna responsabilidad por el contenido de estos sitios externos. El proveedor u operador de los sitios enlazados es siempre responsable del contenido de sus p\u00e1ginas. Los enlaces se revisaron en el momento de su inclusi\u00f3n; si descubrimos contenido ilegal, eliminaremos el enlace inmediatamente.<\/p><h3 data-start=\"2210\" data-end=\"2237\"><strong data-start=\"2214\" data-end=\"2235\"><br>Derechos de autor<\/strong><\/h3><p data-start=\"2239\" data-end=\"2663\">El contenido y las obras creadas por los operadores del sitio est\u00e1n sujetos a derechos de autor seg\u00fan la legislaci\u00f3n aplicable. Las contribuciones de terceros se marcan como tales. La reproducci\u00f3n, procesamiento, distribuci\u00f3n y cualquier tipo de explotaci\u00f3n fuera de los l\u00edmites legales requiere el consentimiento escrito del autor correspondiente. Descargas y copias solo est\u00e1n permitidas para uso privado y no comercial.<\/p><p data-start=\"2665\" data-end=\"2823\">Los operadores de este sitio siempre se esfuerzan por respetar los derechos de autor de terceros o utilizar sus propias obras o aquellas en dominio p\u00fablico.<\/p><h3 data-start=\"2665\" data-end=\"2823\"><strong data-start=\"94\" data-end=\"142\"><br>Informaci\u00f3n sobre la estructura de propiedad<br><\/strong><\/h3><p data-start=\"94\" data-end=\"166\">Seg\u00fan \u00a714 P\u00e1rrafo 4<\/p><p data-start=\"168\" data-end=\"214\">De acuerdo con el \u00a714 P\u00e1rrafo 4, 1. VerpackG<\/p><p data-start=\"216\" data-end=\"721\">Reverse Logistics GmbH, especialista certificado en gesti\u00f3n de residuos y proveedor de servicios para obligaciones de gesti\u00f3n de residuos, es una filial de propiedad total de Reconomy Deutschland GmbH, Colonia, y forma parte del Grupo Internacional Reconomy desde diciembre de 2020. Junto con Valpak, tambi\u00e9n parte del Grupo Reconomy y un sistema l\u00edder en el Reino Unido, y la German Reverse Logistics Group, Reverse Logistics GmbH puede ofrecer soluciones integradas de retorno para el mercado europeo.<\/p><p data-start=\"723\" data-end=\"1105\">Reconomy Ltd. es un proveedor l\u00edder de gesti\u00f3n de residuos y soluciones de retorno en el Reino Unido. Reconomy apoya a empresas brit\u00e1nicas \u2013 desde pymes hasta grandes compa\u00f1\u00edas \u2013 en la eliminaci\u00f3n de sus residuos de manera responsable, sostenible y rentable. Para el Grupo Reconomy, la adquisici\u00f3n de Reverse Logistics GmbH representa el primer paso hacia la internacionalizaci\u00f3n.<\/p><p data-start=\"1107\" data-end=\"1141\">Seg\u00fan \u00a714 P\u00e1rrafo 4, 2. VerpackG<\/p><p data-start=\"1143\" data-end=\"1344\">\u201cInformaci\u00f3n sobre las tarifas pagadas por los fabricantes participantes por envases que participan en el sistema puestos en circulaci\u00f3n o por unidad de masa de envases que participan en el sistema.\u201d<\/p><p data-start=\"1346\" data-end=\"1540\">En el per\u00edodo de 2019 a 2021 (Q4), los fabricantes pagaron tarifas a Reverse Logistics GmbH de aproximadamente 23 c\u00e9ntimos\/kg para envases que participan en el sistema en todas las fracciones.<\/p><p data-start=\"1542\" data-end=\"1576\">Seg\u00fan \u00a714 P\u00e1rrafo 4, 3. VerpackG<\/p><p data-start=\"1578\" data-end=\"1771\">\u201cInformaci\u00f3n sobre el procedimiento utilizado para seleccionar las instalaciones de gesti\u00f3n de residuos, en la medida en que no se seleccionen de acuerdo con los requisitos del \u00a723 VerpackG.\u201d<\/p><p data-start=\"1773\" data-end=\"2830\">En el contexto del proceso de selecci\u00f3n de socios contractuales de Reverse Logistics GmbH en el \u00e1rea de transporte y contratos de clasificaci\u00f3n de LVP, as\u00ed como en la recuperaci\u00f3n de fracciones de LVP y vidrio, damos importancia a una cooperaci\u00f3n confiable y basada en la confianza. Para tomar decisiones, contactamos a socios contractuales adecuados y solicitamos ofertas correspondientes. Para que los posibles socios puedan presentar una oferta bien fundamentada, les proporcionamos todos los par\u00e1metros relevantes, como cuotas de cantidad y \u00e1reas afectadas. Es particularmente importante para nosotros que, adem\u00e1s de una buena relaci\u00f3n calidad-precio, estemos lo mejor posicionados posible para nuestra prueba de flujo de cantidad. En este contexto, los certificados v\u00e1lidos y actualizados \u2013 como EfB o certificados de destinatario final \u2013 son indispensables, entre otros. Adem\u00e1s, nos esforzamos por seleccionar empresas regionales como socios siempre que sea posible, con el fin de mantener las rutas de transporte lo m\u00e1s cortas y ecol\u00f3gicas posible.<\/p><h3 data-start=\"2830\" data-end=\"2884\"><strong data-start=\"2834\" data-end=\"2882\">&nbsp;<\/strong><\/h3>\t\t\t\t\t\t\t\t<\/div>\n\t\t\t\t<\/div>\n\t\t\t\t\t<\/div>\n\t\t<\/div>\n\t\t\t\t\t<\/div>\n\t\t<\/section>\n\t\t\t\t<\/div>\n\t\t","protected":false},"excerpt":{"rendered":"<p>Informaci\u00f3n de acuerdo con la secci\u00f3n 5 TMG Revo360 \u2013 Reverse Logistics Group RLG, parte de Reconomy Reverse Logistics Group Colombia SASCalle 7D # 43A-99, Oficina 1301Medell\u00edn, Colombia Reverse Logistics Group Peru S.A.C.Av. San Luis 2572, San Borja, Lima, Per\u00fa Returns Management Group Mexico S. de RLLa Coru\u00f1a 121 BColonia\u2026<\/p>\n","protected":false},"author":15,"featured_media":0,"parent":0,"menu_order":0,"comment_status":"closed","ping_status":"closed","template":"","meta":{"_acf_changed":false,"wp_typography_post_enhancements_disabled":false,"footnotes":""},"class_list":["post-60061","page","type-page","status-publish","hentry"],"acf":[],"yoast_head":"<!-- This site is optimized with the Yoast SEO plugin v27.4 - https:\/\/yoast.com\/product\/yoast-seo-wordpress\/ -->\n<title>Aviso Legal - Revo360<\/title>\n<meta name=\"robots\" content=\"index, follow, max-snippet:-1, max-image-preview:large, max-video-preview:-1\" \/>\n<link rel=\"canonical\" href=\"https:\/\/revo360.com\/co\/aviso-legal\/\" \/>\n<meta property=\"og:locale\" content=\"es_ES\" \/>\n<meta property=\"og:type\" content=\"article\" \/>\n<meta property=\"og:title\" content=\"Aviso Legal - Revo360\" \/>\n<meta property=\"og:description\" content=\"Informaci\u00f3n de acuerdo con la secci\u00f3n 5 TMG Revo360 \u2013 Reverse Logistics Group RLG, parte de Reconomy Reverse Logistics Group Colombia SASCalle 7D # 43A-99, Oficina 1301Medell\u00edn, Colombia Reverse Logistics Group Peru S.A.C.Av. San Luis 2572, San Borja, Lima, Per\u00fa Returns Management Group Mexico S. de RLLa Coru\u00f1a 121 BColonia...\" \/>\n<meta property=\"og:url\" content=\"https:\/\/revo360.com\/co\/aviso-legal\/\" \/>\n<meta property=\"og:site_name\" content=\"Revo360\" \/>\n<meta property=\"article:modified_time\" content=\"2025-11-12T12:36:00+00:00\" \/>\n<meta name=\"twitter:card\" content=\"summary_large_image\" \/>\n<meta name=\"twitter:label1\" content=\"Tiempo de lectura\" \/>\n\t<meta name=\"twitter:data1\" content=\"4 minutos\" \/>\n<script type=\"application\/ld+json\" class=\"yoast-schema-graph\">{\"@context\":\"https:\\\/\\\/schema.org\",\"@graph\":[{\"@type\":\"WebPage\",\"@id\":\"https:\\\/\\\/revo360.com\\\/co\\\/aviso-legal\\\/\",\"url\":\"https:\\\/\\\/revo360.com\\\/co\\\/aviso-legal\\\/\",\"name\":\"Aviso Legal - Revo360\",\"isPartOf\":{\"@id\":\"https:\\\/\\\/revo360.com\\\/co\\\/#website\"},\"datePublished\":\"2025-10-08T16:03:08+00:00\",\"dateModified\":\"2025-11-12T12:36:00+00:00\",\"breadcrumb\":{\"@id\":\"https:\\\/\\\/revo360.com\\\/co\\\/aviso-legal\\\/#breadcrumb\"},\"inLanguage\":\"es-CO\",\"potentialAction\":[{\"@type\":\"ReadAction\",\"target\":[\"https:\\\/\\\/revo360.com\\\/co\\\/aviso-legal\\\/\"]}]},{\"@type\":\"BreadcrumbList\",\"@id\":\"https:\\\/\\\/revo360.com\\\/co\\\/aviso-legal\\\/#breadcrumb\",\"itemListElement\":[{\"@type\":\"ListItem\",\"position\":1,\"name\":\"Home\",\"item\":\"https:\\\/\\\/revo360.com\\\/co\\\/\"},{\"@type\":\"ListItem\",\"position\":2,\"name\":\"Aviso Legal\"}]},{\"@type\":\"WebSite\",\"@id\":\"https:\\\/\\\/revo360.com\\\/co\\\/#website\",\"url\":\"https:\\\/\\\/revo360.com\\\/co\\\/\",\"name\":\"Reverse Logistics Group\",\"description\":\"\",\"publisher\":{\"@id\":\"https:\\\/\\\/revo360.com\\\/co\\\/#organization\"},\"potentialAction\":[{\"@type\":\"SearchAction\",\"target\":{\"@type\":\"EntryPoint\",\"urlTemplate\":\"https:\\\/\\\/revo360.com\\\/co\\\/?s={search_term_string}\"},\"query-input\":{\"@type\":\"PropertyValueSpecification\",\"valueRequired\":true,\"valueName\":\"search_term_string\"}}],\"inLanguage\":\"es-CO\"},{\"@type\":\"Organization\",\"@id\":\"https:\\\/\\\/revo360.com\\\/co\\\/#organization\",\"name\":\"Reverse Logistics Group\",\"url\":\"https:\\\/\\\/revo360.com\\\/co\\\/\",\"logo\":{\"@type\":\"ImageObject\",\"inLanguage\":\"es-CO\",\"@id\":\"https:\\\/\\\/revo360.com\\\/co\\\/#\\\/schema\\\/logo\\\/image\\\/\",\"url\":\"https:\\\/\\\/revo360.com\\\/wp-content\\\/uploads\\\/ReVo_Logo_RGB.png\",\"contentUrl\":\"https:\\\/\\\/revo360.com\\\/wp-content\\\/uploads\\\/ReVo_Logo_RGB.png\",\"width\":1920,\"height\":768,\"caption\":\"Reverse Logistics Group\"},\"image\":{\"@id\":\"https:\\\/\\\/revo360.com\\\/co\\\/#\\\/schema\\\/logo\\\/image\\\/\"}}]}<\/script>\n<!-- \/ Yoast SEO plugin. -->","yoast_head_json":{"title":"Aviso Legal - Revo360","robots":{"index":"index","follow":"follow","max-snippet":"max-snippet:-1","max-image-preview":"max-image-preview:large","max-video-preview":"max-video-preview:-1"},"canonical":"https:\/\/revo360.com\/co\/aviso-legal\/","og_locale":"es_ES","og_type":"article","og_title":"Aviso Legal - Revo360","og_description":"Informaci\u00f3n de acuerdo con la secci\u00f3n 5 TMG Revo360 \u2013 Reverse Logistics Group RLG, parte de Reconomy Reverse Logistics Group Colombia SASCalle 7D # 43A-99, Oficina 1301Medell\u00edn, Colombia Reverse Logistics Group Peru S.A.C.Av. San Luis 2572, San Borja, Lima, Per\u00fa Returns Management Group Mexico S. de RLLa Coru\u00f1a 121 BColonia...","og_url":"https:\/\/revo360.com\/co\/aviso-legal\/","og_site_name":"Revo360","article_modified_time":"2025-11-12T12:36:00+00:00","twitter_card":"summary_large_image","twitter_misc":{"Tiempo de lectura":"4 minutos"},"schema":{"@context":"https:\/\/schema.org","@graph":[{"@type":"WebPage","@id":"https:\/\/revo360.com\/co\/aviso-legal\/","url":"https:\/\/revo360.com\/co\/aviso-legal\/","name":"Aviso Legal - Revo360","isPartOf":{"@id":"https:\/\/revo360.com\/co\/#website"},"datePublished":"2025-10-08T16:03:08+00:00","dateModified":"2025-11-12T12:36:00+00:00","breadcrumb":{"@id":"https:\/\/revo360.com\/co\/aviso-legal\/#breadcrumb"},"inLanguage":"es-CO","potentialAction":[{"@type":"ReadAction","target":["https:\/\/revo360.com\/co\/aviso-legal\/"]}]},{"@type":"BreadcrumbList","@id":"https:\/\/revo360.com\/co\/aviso-legal\/#breadcrumb","itemListElement":[{"@type":"ListItem","position":1,"name":"Home","item":"https:\/\/revo360.com\/co\/"},{"@type":"ListItem","position":2,"name":"Aviso Legal"}]},{"@type":"WebSite","@id":"https:\/\/revo360.com\/co\/#website","url":"https:\/\/revo360.com\/co\/","name":"Reverse Logistics Group","description":"","publisher":{"@id":"https:\/\/revo360.com\/co\/#organization"},"potentialAction":[{"@type":"SearchAction","target":{"@type":"EntryPoint","urlTemplate":"https:\/\/revo360.com\/co\/?s={search_term_string}"},"query-input":{"@type":"PropertyValueSpecification","valueRequired":true,"valueName":"search_term_string"}}],"inLanguage":"es-CO"},{"@type":"Organization","@id":"https:\/\/revo360.com\/co\/#organization","name":"Reverse Logistics Group","url":"https:\/\/revo360.com\/co\/","logo":{"@type":"ImageObject","inLanguage":"es-CO","@id":"https:\/\/revo360.com\/co\/#\/schema\/logo\/image\/","url":"https:\/\/revo360.com\/wp-content\/uploads\/ReVo_Logo_RGB.png","contentUrl":"https:\/\/revo360.com\/wp-content\/uploads\/ReVo_Logo_RGB.png","width":1920,"height":768,"caption":"Reverse Logistics Group"},"image":{"@id":"https:\/\/revo360.com\/co\/#\/schema\/logo\/image\/"}}]}},"_links":{"self":[{"href":"https:\/\/revo360.com\/co\/wp-json\/wp\/v2\/pages\/60061","targetHints":{"allow":["GET"]}}],"collection":[{"href":"https:\/\/revo360.com\/co\/wp-json\/wp\/v2\/pages"}],"about":[{"href":"https:\/\/revo360.com\/co\/wp-json\/wp\/v2\/types\/page"}],"author":[{"embeddable":true,"href":"https:\/\/revo360.com\/co\/wp-json\/wp\/v2\/users\/15"}],"replies":[{"embeddable":true,"href":"https:\/\/revo360.com\/co\/wp-json\/wp\/v2\/comments?post=60061"}],"version-history":[{"count":8,"href":"https:\/\/revo360.com\/co\/wp-json\/wp\/v2\/pages\/60061\/revisions"}],"predecessor-version":[{"id":61570,"href":"https:\/\/revo360.com\/co\/wp-json\/wp\/v2\/pages\/60061\/revisions\/61570"}],"wp:attachment":[{"href":"https:\/\/revo360.com\/co\/wp-json\/wp\/v2\/media?parent=60061"}],"curies":[{"name":"wp","href":"https:\/\/api.w.org\/{rel}","templated":true}]}}