{"id":58866,"date":"2025-03-24T01:24:47","date_gmt":"2025-03-24T00:24:47","guid":{"rendered":"http:\/\/revo360.com\/oficinas-de-revo\/"},"modified":"2025-11-12T13:41:34","modified_gmt":"2025-11-12T12:41:34","slug":"oficinas-de-revo","status":"publish","type":"page","link":"https:\/\/revo360.com\/co\/oficinas-de-revo\/","title":{"rendered":"Oficinas de ReVo"},"content":{"rendered":"\t\t<div data-elementor-type=\"wp-page\" data-elementor-id=\"58866\" class=\"elementor elementor-58866 elementor-58846\" data-elementor-post-type=\"page\">\n\t\t\t\t<div class=\"elementor-element elementor-element-46c2d2ad e-flex e-con-boxed e-con e-parent\" data-id=\"46c2d2ad\" data-element_type=\"container\" data-e-type=\"container\">\n\t\t\t\t\t<div class=\"e-con-inner\">\n\t\t\t\t<div class=\"elementor-element elementor-element-665e6cde elementor-widget elementor-widget-spacer\" data-id=\"665e6cde\" data-element_type=\"widget\" data-e-type=\"widget\" data-widget_type=\"spacer.default\">\n\t\t\t\t<div class=\"elementor-widget-container\">\n\t\t\t\t\t\t\t<div class=\"elementor-spacer\">\n\t\t\t<div class=\"elementor-spacer-inner\"><\/div>\n\t\t<\/div>\n\t\t\t\t\t\t<\/div>\n\t\t\t\t<\/div>\n\t\t\t\t\t<\/div>\n\t\t\t\t<\/div>\n\t\t<div class=\"elementor-element elementor-element-7502f6b0 e-flex e-con-boxed e-con e-parent\" data-id=\"7502f6b0\" data-element_type=\"container\" data-e-type=\"container\">\n\t\t\t\t\t<div class=\"e-con-inner\">\n\t\t<div class=\"elementor-element elementor-element-f45024c e-con-full e-flex e-con e-child\" data-id=\"f45024c\" data-element_type=\"container\" data-e-type=\"container\">\n\t\t\t\t<div class=\"elementor-element elementor-element-2a2b470d elementor-widget elementor-widget-heading\" data-id=\"2a2b470d\" data-element_type=\"widget\" data-e-type=\"widget\" data-widget_type=\"heading.default\">\n\t\t\t\t<div class=\"elementor-widget-container\">\n\t\t\t\t\t<h3 class=\"elementor-heading-title elementor-size-default\">ReVo Colombia\u200b<\/h3>\t\t\t\t<\/div>\n\t\t\t\t<\/div>\n\t\t\t\t<div class=\"elementor-element elementor-element-500b0855 elementor-widget-divider--view-line elementor-widget elementor-widget-divider\" data-id=\"500b0855\" data-element_type=\"widget\" data-e-type=\"widget\" data-widget_type=\"divider.default\">\n\t\t\t\t<div class=\"elementor-widget-container\">\n\t\t\t\t\t\t\t<div class=\"elementor-divider\">\n\t\t\t<span class=\"elementor-divider-separator\">\n\t\t\t\t\t\t<\/span>\n\t\t<\/div>\n\t\t\t\t\t\t<\/div>\n\t\t\t\t<\/div>\n\t\t\t\t<div class=\"elementor-element elementor-element-3800af12 elementor-widget elementor-widget-text-editor\" data-id=\"3800af12\" data-element_type=\"widget\" data-e-type=\"widget\" data-widget_type=\"text-editor.default\">\n\t\t\t\t<div class=\"elementor-widget-container\">\n\t\t\t\t\t\t\t\t\t<p>Reverse Logistics Group Colombia S.A.S.<br>Calle 7D # 43A-99, Oficina 1301<br>Edificio Torre Almagr\u00e1n, Medellin<\/p><p><strong>Email:<\/strong> colombia@rev-log.com<\/p>\t\t\t\t\t\t\t\t<\/div>\n\t\t\t\t<\/div>\n\t\t\t\t<\/div>\n\t\t<div class=\"elementor-element elementor-element-268bcb49 e-con-full e-flex e-con e-child\" data-id=\"268bcb49\" data-element_type=\"container\" data-e-type=\"container\">\n\t\t\t\t<div class=\"elementor-element elementor-element-168bbd64 elementor-widget elementor-widget-heading\" data-id=\"168bbd64\" data-element_type=\"widget\" data-e-type=\"widget\" data-widget_type=\"heading.default\">\n\t\t\t\t<div class=\"elementor-widget-container\">\n\t\t\t\t\t<h3 class=\"elementor-heading-title elementor-size-default\">ReVo Mexico<\/h3>\t\t\t\t<\/div>\n\t\t\t\t<\/div>\n\t\t\t\t<div class=\"elementor-element elementor-element-4c0b2f81 elementor-widget-divider--view-line elementor-widget elementor-widget-divider\" data-id=\"4c0b2f81\" data-element_type=\"widget\" data-e-type=\"widget\" data-widget_type=\"divider.default\">\n\t\t\t\t<div class=\"elementor-widget-container\">\n\t\t\t\t\t\t\t<div class=\"elementor-divider\">\n\t\t\t<span class=\"elementor-divider-separator\">\n\t\t\t\t\t\t<\/span>\n\t\t<\/div>\n\t\t\t\t\t\t<\/div>\n\t\t\t\t<\/div>\n\t\t\t\t<div class=\"elementor-element elementor-element-2b62eda8 elementor-widget elementor-widget-text-editor\" data-id=\"2b62eda8\" data-element_type=\"widget\" data-e-type=\"widget\" data-widget_type=\"text-editor.default\">\n\t\t\t\t<div class=\"elementor-widget-container\">\n\t\t\t\t\t\t\t\t\t<p>Returns Management Group Mexico S. de R.L. de C.V.<br>La Coru\u00f1a 121 B, Colonia \u00c1lamos, Alcald\u00eda Benito Ju\u00e1rez, C.P. 03400 Ciudad de M\u00e9xico<\/p><p><strong>Email:<\/strong> mexico@rev-log.com<\/p>\t\t\t\t\t\t\t\t<\/div>\n\t\t\t\t<\/div>\n\t\t\t\t<\/div>\n\t\t<div class=\"elementor-element elementor-element-2d0579ee e-con-full e-flex e-con e-child\" data-id=\"2d0579ee\" data-element_type=\"container\" data-e-type=\"container\">\n\t\t\t\t<div class=\"elementor-element elementor-element-6418fdb5 elementor-widget elementor-widget-heading\" data-id=\"6418fdb5\" data-element_type=\"widget\" data-e-type=\"widget\" data-widget_type=\"heading.default\">\n\t\t\t\t<div class=\"elementor-widget-container\">\n\t\t\t\t\t<h3 class=\"elementor-heading-title elementor-size-default\">ReVo Peru\u200b\n\n<\/h3>\t\t\t\t<\/div>\n\t\t\t\t<\/div>\n\t\t\t\t<div class=\"elementor-element elementor-element-63f31f74 elementor-widget-divider--view-line elementor-widget elementor-widget-divider\" data-id=\"63f31f74\" data-element_type=\"widget\" data-e-type=\"widget\" data-widget_type=\"divider.default\">\n\t\t\t\t<div class=\"elementor-widget-container\">\n\t\t\t\t\t\t\t<div class=\"elementor-divider\">\n\t\t\t<span class=\"elementor-divider-separator\">\n\t\t\t\t\t\t<\/span>\n\t\t<\/div>\n\t\t\t\t\t\t<\/div>\n\t\t\t\t<\/div>\n\t\t\t\t<div class=\"elementor-element elementor-element-15945923 elementor-widget elementor-widget-text-editor\" data-id=\"15945923\" data-element_type=\"widget\" data-e-type=\"widget\" data-widget_type=\"text-editor.default\">\n\t\t\t\t<div class=\"elementor-widget-container\">\n\t\t\t\t\t\t\t\t\t<p>Reverse Logistics Group Peru S.A.C.<br>Jiron Monterosa 270, oficina 603, Urbanizaci\u00f3n Chacarilla del Estanque, Santiago de Surco, Lima<\/p><p><strong>Email:<\/strong> peru@rev-log.com<\/p>\t\t\t\t\t\t\t\t<\/div>\n\t\t\t\t<\/div>\n\t\t\t\t<\/div>\n\t\t\t\t\t<\/div>\n\t\t\t\t<\/div>\n\t\t\t\t<\/div>\n\t\t","protected":false},"excerpt":{"rendered":"<p>ReVo Colombia\u200b Reverse Logistics Group Colombia S.A.S. Calle 7D # 43A-99, Oficina 1301 Edificio Torre Almagr\u00e1n, Medellin Email: colombia@rev-log.com ReVo Mexico Returns Management Group Mexico S. de R.L. de C.V. La Coru\u00f1a 121 B, Colonia \u00c1lamos, Alcald\u00eda Benito Ju\u00e1rez, C.P. 03400 Ciudad de M\u00e9xico Email: mexico@rev-log.com ReVo Peru\u200b Reverse Logistics\u2026<\/p>\n","protected":false},"author":15,"featured_media":0,"parent":0,"menu_order":0,"comment_status":"closed","ping_status":"closed","template":"","meta":{"_acf_changed":false,"wp_typography_post_enhancements_disabled":false,"footnotes":""},"class_list":["post-58866","page","type-page","status-publish","hentry"],"acf":[],"yoast_head":"<!-- This site is optimized with the Yoast SEO plugin v27.4 - https:\/\/yoast.com\/product\/yoast-seo-wordpress\/ -->\n<title>Oficinas de ReVo - Revo360<\/title>\n<meta name=\"robots\" content=\"index, follow, max-snippet:-1, max-image-preview:large, max-video-preview:-1\" \/>\n<link rel=\"canonical\" href=\"https:\/\/revo360.com\/co\/oficinas-de-revo\/\" \/>\n<meta property=\"og:locale\" content=\"es_ES\" \/>\n<meta property=\"og:type\" content=\"article\" \/>\n<meta property=\"og:title\" content=\"Oficinas de ReVo - Revo360\" \/>\n<meta property=\"og:description\" content=\"ReVo Colombia\u200b Reverse Logistics Group Colombia S.A.S. Calle 7D # 43A-99, Oficina 1301 Edificio Torre Almagr\u00e1n, Medellin Email: colombia@rev-log.com ReVo Mexico Returns Management Group Mexico S. de R.L. de C.V. La Coru\u00f1a 121 B, Colonia \u00c1lamos, Alcald\u00eda Benito Ju\u00e1rez, C.P. 03400 Ciudad de M\u00e9xico Email: mexico@rev-log.com ReVo Peru\u200b Reverse Logistics...\" \/>\n<meta property=\"og:url\" content=\"https:\/\/revo360.com\/co\/oficinas-de-revo\/\" \/>\n<meta property=\"og:site_name\" content=\"Revo360\" \/>\n<meta property=\"article:modified_time\" content=\"2025-11-12T12:41:34+00:00\" \/>\n<meta name=\"twitter:card\" content=\"summary_large_image\" \/>\n<meta name=\"twitter:label1\" content=\"Tiempo de lectura\" \/>\n\t<meta name=\"twitter:data1\" content=\"1 minuto\" \/>\n<script type=\"application\/ld+json\" class=\"yoast-schema-graph\">{\"@context\":\"https:\\\/\\\/schema.org\",\"@graph\":[{\"@type\":\"WebPage\",\"@id\":\"https:\\\/\\\/revo360.com\\\/co\\\/oficinas-de-revo\\\/\",\"url\":\"https:\\\/\\\/revo360.com\\\/co\\\/oficinas-de-revo\\\/\",\"name\":\"Oficinas de ReVo - Revo360\",\"isPartOf\":{\"@id\":\"https:\\\/\\\/revo360.com\\\/co\\\/#website\"},\"datePublished\":\"2025-03-24T00:24:47+00:00\",\"dateModified\":\"2025-11-12T12:41:34+00:00\",\"breadcrumb\":{\"@id\":\"https:\\\/\\\/revo360.com\\\/co\\\/oficinas-de-revo\\\/#breadcrumb\"},\"inLanguage\":\"es-CO\",\"potentialAction\":[{\"@type\":\"ReadAction\",\"target\":[\"https:\\\/\\\/revo360.com\\\/co\\\/oficinas-de-revo\\\/\"]}]},{\"@type\":\"BreadcrumbList\",\"@id\":\"https:\\\/\\\/revo360.com\\\/co\\\/oficinas-de-revo\\\/#breadcrumb\",\"itemListElement\":[{\"@type\":\"ListItem\",\"position\":1,\"name\":\"Home\",\"item\":\"https:\\\/\\\/revo360.com\\\/co\\\/\"},{\"@type\":\"ListItem\",\"position\":2,\"name\":\"Oficinas de ReVo\"}]},{\"@type\":\"WebSite\",\"@id\":\"https:\\\/\\\/revo360.com\\\/co\\\/#website\",\"url\":\"https:\\\/\\\/revo360.com\\\/co\\\/\",\"name\":\"Reverse Logistics Group\",\"description\":\"\",\"publisher\":{\"@id\":\"https:\\\/\\\/revo360.com\\\/co\\\/#organization\"},\"potentialAction\":[{\"@type\":\"SearchAction\",\"target\":{\"@type\":\"EntryPoint\",\"urlTemplate\":\"https:\\\/\\\/revo360.com\\\/co\\\/?s={search_term_string}\"},\"query-input\":{\"@type\":\"PropertyValueSpecification\",\"valueRequired\":true,\"valueName\":\"search_term_string\"}}],\"inLanguage\":\"es-CO\"},{\"@type\":\"Organization\",\"@id\":\"https:\\\/\\\/revo360.com\\\/co\\\/#organization\",\"name\":\"Reverse Logistics Group\",\"url\":\"https:\\\/\\\/revo360.com\\\/co\\\/\",\"logo\":{\"@type\":\"ImageObject\",\"inLanguage\":\"es-CO\",\"@id\":\"https:\\\/\\\/revo360.com\\\/co\\\/#\\\/schema\\\/logo\\\/image\\\/\",\"url\":\"https:\\\/\\\/revo360.com\\\/wp-content\\\/uploads\\\/ReVo_Logo_RGB.png\",\"contentUrl\":\"https:\\\/\\\/revo360.com\\\/wp-content\\\/uploads\\\/ReVo_Logo_RGB.png\",\"width\":1920,\"height\":768,\"caption\":\"Reverse Logistics Group\"},\"image\":{\"@id\":\"https:\\\/\\\/revo360.com\\\/co\\\/#\\\/schema\\\/logo\\\/image\\\/\"}}]}<\/script>\n<!-- \/ Yoast SEO plugin. -->","yoast_head_json":{"title":"Oficinas de ReVo - Revo360","robots":{"index":"index","follow":"follow","max-snippet":"max-snippet:-1","max-image-preview":"max-image-preview:large","max-video-preview":"max-video-preview:-1"},"canonical":"https:\/\/revo360.com\/co\/oficinas-de-revo\/","og_locale":"es_ES","og_type":"article","og_title":"Oficinas de ReVo - Revo360","og_description":"ReVo Colombia\u200b Reverse Logistics Group Colombia S.A.S. Calle 7D # 43A-99, Oficina 1301 Edificio Torre Almagr\u00e1n, Medellin Email: colombia@rev-log.com ReVo Mexico Returns Management Group Mexico S. de R.L. de C.V. La Coru\u00f1a 121 B, Colonia \u00c1lamos, Alcald\u00eda Benito Ju\u00e1rez, C.P. 03400 Ciudad de M\u00e9xico Email: mexico@rev-log.com ReVo Peru\u200b Reverse Logistics...","og_url":"https:\/\/revo360.com\/co\/oficinas-de-revo\/","og_site_name":"Revo360","article_modified_time":"2025-11-12T12:41:34+00:00","twitter_card":"summary_large_image","twitter_misc":{"Tiempo de lectura":"1 minuto"},"schema":{"@context":"https:\/\/schema.org","@graph":[{"@type":"WebPage","@id":"https:\/\/revo360.com\/co\/oficinas-de-revo\/","url":"https:\/\/revo360.com\/co\/oficinas-de-revo\/","name":"Oficinas de ReVo - Revo360","isPartOf":{"@id":"https:\/\/revo360.com\/co\/#website"},"datePublished":"2025-03-24T00:24:47+00:00","dateModified":"2025-11-12T12:41:34+00:00","breadcrumb":{"@id":"https:\/\/revo360.com\/co\/oficinas-de-revo\/#breadcrumb"},"inLanguage":"es-CO","potentialAction":[{"@type":"ReadAction","target":["https:\/\/revo360.com\/co\/oficinas-de-revo\/"]}]},{"@type":"BreadcrumbList","@id":"https:\/\/revo360.com\/co\/oficinas-de-revo\/#breadcrumb","itemListElement":[{"@type":"ListItem","position":1,"name":"Home","item":"https:\/\/revo360.com\/co\/"},{"@type":"ListItem","position":2,"name":"Oficinas de ReVo"}]},{"@type":"WebSite","@id":"https:\/\/revo360.com\/co\/#website","url":"https:\/\/revo360.com\/co\/","name":"Reverse Logistics Group","description":"","publisher":{"@id":"https:\/\/revo360.com\/co\/#organization"},"potentialAction":[{"@type":"SearchAction","target":{"@type":"EntryPoint","urlTemplate":"https:\/\/revo360.com\/co\/?s={search_term_string}"},"query-input":{"@type":"PropertyValueSpecification","valueRequired":true,"valueName":"search_term_string"}}],"inLanguage":"es-CO"},{"@type":"Organization","@id":"https:\/\/revo360.com\/co\/#organization","name":"Reverse Logistics Group","url":"https:\/\/revo360.com\/co\/","logo":{"@type":"ImageObject","inLanguage":"es-CO","@id":"https:\/\/revo360.com\/co\/#\/schema\/logo\/image\/","url":"https:\/\/revo360.com\/wp-content\/uploads\/ReVo_Logo_RGB.png","contentUrl":"https:\/\/revo360.com\/wp-content\/uploads\/ReVo_Logo_RGB.png","width":1920,"height":768,"caption":"Reverse Logistics Group"},"image":{"@id":"https:\/\/revo360.com\/co\/#\/schema\/logo\/image\/"}}]}},"_links":{"self":[{"href":"https:\/\/revo360.com\/co\/wp-json\/wp\/v2\/pages\/58866","targetHints":{"allow":["GET"]}}],"collection":[{"href":"https:\/\/revo360.com\/co\/wp-json\/wp\/v2\/pages"}],"about":[{"href":"https:\/\/revo360.com\/co\/wp-json\/wp\/v2\/types\/page"}],"author":[{"embeddable":true,"href":"https:\/\/revo360.com\/co\/wp-json\/wp\/v2\/users\/15"}],"replies":[{"embeddable":true,"href":"https:\/\/revo360.com\/co\/wp-json\/wp\/v2\/comments?post=58866"}],"version-history":[{"count":4,"href":"https:\/\/revo360.com\/co\/wp-json\/wp\/v2\/pages\/58866\/revisions"}],"predecessor-version":[{"id":61582,"href":"https:\/\/revo360.com\/co\/wp-json\/wp\/v2\/pages\/58866\/revisions\/61582"}],"wp:attachment":[{"href":"https:\/\/revo360.com\/co\/wp-json\/wp\/v2\/media?parent=58866"}],"curies":[{"name":"wp","href":"https:\/\/api.w.org\/{rel}","templated":true}]}}